{"id":66,"date":"2021-05-20T09:28:13","date_gmt":"2021-05-20T09:28:13","guid":{"rendered":"https:\/\/www.tecnocoopcs.it\/?page_id=66"},"modified":"2021-06-18T07:38:07","modified_gmt":"2021-06-18T07:38:07","slug":"le-nostre-attivita","status":"publish","type":"page","link":"https:\/\/www.tecnocoopcs.it\/index.php\/le-nostre-attivita\/","title":{"rendered":"Attivit\u00e0"},"content":{"rendered":"\n<h2 class=\"has-text-align-center\"><strong><em>DALL&#8217;ASSISTENZA AMMINISTRATIVA A QUELLA SANITARIA<\/em><\/strong><\/h2>\n\n\n\n<p class=\"has-text-align-center\">TECNOCOOP CS sta raggiungendo obiettivi impensabili fino a poco tempo fa. Lavoriamo su vari fronti per migliorare la vita di molti e siamo orgogliosi dei costanti progressi. Scopri cosa facciamo, chi aiutiamo e come promuoviamo il cambiamento quotidianamente.<\/p>\n\n\n\n<div class=\"wp-container-4 wp-block-columns\">\n<div class=\"wp-container-1 wp-block-column\">\n<div class=\"wp-block-image\"><figure class=\"aligncenter size-large is-resized\"><img loading=\"lazy\" src=\"https:\/\/www.tecnocoopcs.it\/wp-content\/uploads\/2021\/06\/serv_generali.png\" alt=\"\" class=\"wp-image-131\" width=\"206\" height=\"136\" srcset=\"https:\/\/www.tecnocoopcs.it\/wp-content\/uploads\/2021\/06\/serv_generali.png 301w, https:\/\/www.tecnocoopcs.it\/wp-content\/uploads\/2021\/06\/serv_generali-90x60.png 90w\" sizes=\"(max-width: 206px) 100vw, 206px\" \/><\/figure><\/div>\n\n\n\n<p class=\"has-text-align-center\"><strong>Servizi generali, amministrazione, contabilit\u00e0 e gestione del personale<\/strong><\/p>\n\n\n\n<p>Seriet\u00e0 e affidabilit\u00e0 al servizio della Tua Azienda<\/p>\n<\/div>\n\n\n\n<div class=\"wp-container-2 wp-block-column\">\n<div class=\"wp-block-image\"><figure class=\"aligncenter size-large is-resized\"><img loading=\"lazy\" src=\"https:\/\/www.tecnocoopcs.it\/wp-content\/uploads\/2021\/06\/serv_sanita.png\" alt=\"\" class=\"wp-image-134\" width=\"247\" height=\"134\" srcset=\"https:\/\/www.tecnocoopcs.it\/wp-content\/uploads\/2021\/06\/serv_sanita.png 301w, https:\/\/www.tecnocoopcs.it\/wp-content\/uploads\/2021\/06\/serv_sanita-110x60.png 110w\" sizes=\"(max-width: 247px) 100vw, 247px\" \/><\/figure><\/div>\n\n\n\n<p class=\"has-text-align-center\"><strong>Servizi di assistenza socio-sanitaria<\/strong><\/p>\n\n\n\n<p class=\"has-text-align-center\">Vicini al prossimo<\/p>\n<\/div>\n\n\n\n<div class=\"wp-container-3 wp-block-column\">\n<div class=\"wp-block-image\"><figure class=\"aligncenter size-large is-resized\"><img loading=\"lazy\" src=\"https:\/\/www.tecnocoopcs.it\/wp-content\/uploads\/2021\/06\/serv_cup.png\" alt=\"\" class=\"wp-image-136\" width=\"210\" height=\"141\" srcset=\"https:\/\/www.tecnocoopcs.it\/wp-content\/uploads\/2021\/06\/serv_cup.png 301w, https:\/\/www.tecnocoopcs.it\/wp-content\/uploads\/2021\/06\/serv_cup-89x60.png 89w\" sizes=\"(max-width: 210px) 100vw, 210px\" \/><\/figure><\/div>\n\n\n\n<p class=\"has-text-align-center\"><strong>Reception e Centro Unico Prenotazioni<\/strong><\/p>\n\n\n\n<p class=\"has-text-align-center\">Professionalit\u00e0 e disponibilit\u00e0 al&nbsp;servizio della comunit\u00e0<\/p>\n<\/div>\n<\/div>\n","protected":false},"excerpt":{"rendered":"<p>DALL&#8217;ASSISTENZA AMMINISTRATIVA A QUELLA SANITARIA TECNOCOOP CS sta raggiungendo obiettivi impensabili fino a poco tempo fa. Lavoriamo su vari fronti per migliorare la vita di &hellip; <\/p>\n","protected":false},"author":1,"featured_media":0,"parent":0,"menu_order":0,"comment_status":"closed","ping_status":"closed","template":"","meta":[],"_links":{"self":[{"href":"https:\/\/www.tecnocoopcs.it\/index.php\/wp-json\/wp\/v2\/pages\/66"}],"collection":[{"href":"https:\/\/www.tecnocoopcs.it\/index.php\/wp-json\/wp\/v2\/pages"}],"about":[{"href":"https:\/\/www.tecnocoopcs.it\/index.php\/wp-json\/wp\/v2\/types\/page"}],"author":[{"embeddable":true,"href":"https:\/\/www.tecnocoopcs.it\/index.php\/wp-json\/wp\/v2\/users\/1"}],"replies":[{"embeddable":true,"href":"https:\/\/www.tecnocoopcs.it\/index.php\/wp-json\/wp\/v2\/comments?post=66"}],"version-history":[{"count":12,"href":"https:\/\/www.tecnocoopcs.it\/index.php\/wp-json\/wp\/v2\/pages\/66\/revisions"}],"predecessor-version":[{"id":150,"href":"https:\/\/www.tecnocoopcs.it\/index.php\/wp-json\/wp\/v2\/pages\/66\/revisions\/150"}],"wp:attachment":[{"href":"https:\/\/www.tecnocoopcs.it\/index.php\/wp-json\/wp\/v2\/media?parent=66"}],"curies":[{"name":"wp","href":"https:\/\/api.w.org\/{rel}","templated":true}]}}