{"id":51,"date":"2021-05-20T09:15:43","date_gmt":"2021-05-20T09:15:43","guid":{"rendered":"https:\/\/www.tecnocoopcs.it\/?page_id=51"},"modified":"2021-06-21T09:38:51","modified_gmt":"2021-06-21T09:38:51","slug":"chi-siamo-2","status":"publish","type":"page","link":"https:\/\/www.tecnocoopcs.it\/index.php\/chi-siamo-2\/","title":{"rendered":"Chi siamo"},"content":{"rendered":"\n<div class=\"wp-container-1 wp-block-group\"><div class=\"wp-block-group__inner-container\">\n<div class=\"wp-block-image\"><figure class=\"alignleft size-large is-resized\"><img loading=\"lazy\" src=\"https:\/\/www.tecnocoopcs.it\/wp-content\/uploads\/2021\/06\/chi-siamo.jpg\" alt=\"\" class=\"wp-image-155\" width=\"275\" height=\"284\" srcset=\"https:\/\/www.tecnocoopcs.it\/wp-content\/uploads\/2021\/06\/chi-siamo.jpg 221w, https:\/\/www.tecnocoopcs.it\/wp-content\/uploads\/2021\/06\/chi-siamo-58x60.jpg 58w\" sizes=\"(max-width: 275px) 100vw, 275px\" \/><\/figure><\/div>\n\n\n\n<p>Tecnocoop societ\u00e0 cooperativa sociale, O.N.L.U.S. di diritto, viene costituita in data 29 marzo 2007 ed \u00e8 retta e regolata dai principi della mutualit\u00e0, senza finalit\u00e0 di lucro.<\/p>\n\n\n\n<p>Ha come obiettivo quello di ottenere, tramite una gestione associata dell\u2019azienda nella quale presta la propria attivit\u00e0 di lavoro tutto il gruppo sociale, una continuit\u00e0 di occupazione nonch\u00e9 migliori condizioni economiche, sociali e professionali per i soci.<\/p>\n\n\n\n<p>La Tecnocoop \u00e8 iscritta nella sezione ordinaria del Registro delle Imprese del Molise in data 26 aprile 2007 e nella sezione speciale in qualit\u00e0 di IMPRESA SOCIALE in data 25 luglio 2018.<\/p>\n<\/div><\/div>\n\n\n\n<p>La Tecnocoop \u00e8 iscritta all\u2019ALBO delle Societ\u00e0 Cooperative&nbsp;&nbsp;&nbsp;&nbsp;&nbsp;&nbsp;&nbsp; in data 01 giugno 2007 al numero A183762 nella Sezione \u201cCooperativa a mutualit\u00e0 prevalente di cui agli art.2512 e seg., nella categoria delle Cooperative Sociali di produzione e lavoro \u2013 inserimento lavorativo di tipo B.<\/p>\n\n\n\n<p>La Cooperativa prevede i seguenti organi sociali:<\/p>\n\n\n\n<ul><li>l\u2019Assemblea dei Soci<\/li><li>il Consiglio di Amministrazione<\/li><li>il Collegio dei Revisori<\/li><\/ul>\n\n\n\n<p>L\u2019assemblea dei soci \u00e8 composta da tutti i soci ammessi a farne parte e si riunisce almeno una volta all\u2019anno per l\u2019approvazione del bilancio di esercizio. Le principali delibere dell\u2019assemblea dei soci riguardano l&#8217;approvazione del bilancio, l&#8217;approvazione dei regolamenti interni, la nomina, revoca e sostituzione degli amministratori, le modifiche dello statuto sociale.<\/p>\n\n\n\n<p><strong>Consiglio di Amministrazione<\/strong><\/p>\n\n\n\n<p><strong>Bilancio Salvatore<\/strong><br><em>Presidente<\/em><\/p>\n\n\n\n<p><strong>Lucenteforte Mario<\/strong><br><em>Consigliere<\/em><\/p>\n\n\n\n<p><strong>Tartaglione Adolfo<\/strong><br><em>Consigliere<\/em><\/p>\n\n\n\n<p><strong>Collegio dei Revisori<\/strong><\/p>\n\n\n\n<p><strong>De Bernardo Giulio<\/strong><br><em>Presidente<\/em><\/p>\n\n\n\n<p><strong>Patriciello Fabio<\/strong><br><em>Sindaco<\/em><\/p>\n\n\n\n<p><strong>Lonardo Luca<\/strong><br><em>Sindaco<\/em><\/p>\n","protected":false},"excerpt":{"rendered":"<p>Tecnocoop societ\u00e0 cooperativa sociale, O.N.L.U.S. di diritto, viene costituita in data 29 marzo 2007 ed \u00e8 retta e regolata dai principi della mutualit\u00e0, senza finalit\u00e0 &hellip; <\/p>\n","protected":false},"author":1,"featured_media":0,"parent":0,"menu_order":0,"comment_status":"closed","ping_status":"closed","template":"","meta":[],"_links":{"self":[{"href":"https:\/\/www.tecnocoopcs.it\/index.php\/wp-json\/wp\/v2\/pages\/51"}],"collection":[{"href":"https:\/\/www.tecnocoopcs.it\/index.php\/wp-json\/wp\/v2\/pages"}],"about":[{"href":"https:\/\/www.tecnocoopcs.it\/index.php\/wp-json\/wp\/v2\/types\/page"}],"author":[{"embeddable":true,"href":"https:\/\/www.tecnocoopcs.it\/index.php\/wp-json\/wp\/v2\/users\/1"}],"replies":[{"embeddable":true,"href":"https:\/\/www.tecnocoopcs.it\/index.php\/wp-json\/wp\/v2\/comments?post=51"}],"version-history":[{"count":9,"href":"https:\/\/www.tecnocoopcs.it\/index.php\/wp-json\/wp\/v2\/pages\/51\/revisions"}],"predecessor-version":[{"id":162,"href":"https:\/\/www.tecnocoopcs.it\/index.php\/wp-json\/wp\/v2\/pages\/51\/revisions\/162"}],"wp:attachment":[{"href":"https:\/\/www.tecnocoopcs.it\/index.php\/wp-json\/wp\/v2\/media?parent=51"}],"curies":[{"name":"wp","href":"https:\/\/api.w.org\/{rel}","templated":true}]}}